{"id":80,"date":"2014-12-09T14:37:29","date_gmt":"2014-12-09T12:37:29","guid":{"rendered":"http:\/\/hierontamylly.net\/?page_id=80"},"modified":"2021-01-03T21:12:32","modified_gmt":"2021-01-03T19:12:32","slug":"uutiset","status":"publish","type":"page","link":"https:\/\/hierontamylly.net\/?page_id=80","title":{"rendered":"Uutiset"},"content":{"rendered":"<p><span class=\"_5mfr _47e3\"><span class=\"_7oe\"><a href=\"https:\/\/hierontamylly.net\/wp-content\/uploads\/2014\/12\/flower-657179_960_720.jpg\" rel=\"attachment wp-att-388\"><img loading=\"lazy\" decoding=\"async\" class=\"alignnone size-medium wp-image-388\" src=\"https:\/\/hierontamylly.net\/wp-content\/uploads\/2014\/12\/flower-657179_960_720-300x201.jpg\" alt=\"flower-657179_960_720\" width=\"300\" height=\"201\" srcset=\"https:\/\/hierontamylly.net\/wp-content\/uploads\/2014\/12\/flower-657179_960_720-300x201.jpg 300w, https:\/\/hierontamylly.net\/wp-content\/uploads\/2014\/12\/flower-657179_960_720-768x514.jpg 768w, https:\/\/hierontamylly.net\/wp-content\/uploads\/2014\/12\/flower-657179_960_720-1x1.jpg 1w, https:\/\/hierontamylly.net\/wp-content\/uploads\/2014\/12\/flower-657179_960_720.jpg 960w\" sizes=\"auto, (max-width: 300px) 100vw, 300px\" \/><\/a><\/span><\/span><\/p>\n<h4><\/h4>\n<h4><\/h4>\n<p>HierontaMyllyss\u00e4 aloittaa Heidin \u00e4itiysloman sijaisena 1.12.2020 alkaen ty\u00f6skentelem\u00e4\u00e4n koulutettu hieroja\/urheiluhieroja Petri Hast. Petrill\u00e4 on 7 vuoden kokemus alalta ja h\u00e4n tarjoaa klassisen ja urheiluhieronnan lis\u00e4ksi my\u00f6s purentalihashierontaa ja fasciak\u00e4sittely\u00e4 (sidekudos- ja venytyshierontaa raudoilla).<br \/>\nH\u00e4net tavoittaa numerosta 0405341633 ja aikoja voi varata my\u00f6s suoraan nettikalenteristamme <a href=\"http:\/\/vello.fi\/hierontamylly\" target=\"_blank\" rel=\"nofollow noopener noreferrer\">vello.fi\/hierontamylly<\/a>.<\/p>\n<p>Heidi kiitt\u00e4\u00e4 kaikkia Hierontamyllyn asiakkaita kuluneesta 11 vuodesta ja paluu t\u00f6ihin tapahtuu syksyn 2021 aikana. \ud83d\ude0a<\/p>\n<h4><img decoding=\"async\" src=\"https:\/\/scontent.fhel1-1.fna.fbcdn.net\/v\/t1.0-9\/17156324_1597772273573920_2837256423362606976_n.jpg?oh=9b30f7f75c017e94324e1a853db2de0b&amp;oe=5958B707\" alt=\"Henkil\u00f6n HierontaMylly \/ LiikuntaMylly kuva.\" \/><\/h4>\n","protected":false},"excerpt":{"rendered":"<p>HierontaMyllyss\u00e4 aloittaa Heidin \u00e4itiysloman sijaisena 1.12.2020 alkaen ty\u00f6skentelem\u00e4\u00e4n koulutettu hieroja\/urheiluhieroja Petri Hast. Petrill\u00e4 on 7 vuoden kokemus alalta ja h\u00e4n tarjoaa klassisen ja urheiluhieronnan lis\u00e4ksi my\u00f6s purentalihashierontaa ja fasciak\u00e4sittely\u00e4 (sidekudos- ja venytyshierontaa raudoilla). H\u00e4net tavoittaa numerosta 0405341633 ja aikoja voi varata my\u00f6s suoraan nettikalenteristamme vello.fi\/hierontamylly. Heidi kiitt\u00e4\u00e4 kaikkia Hierontamyllyn asiakkaita kuluneesta 11 vuodesta ja paluu [&hellip;]<\/p>\n","protected":false},"author":1,"featured_media":0,"parent":0,"menu_order":3,"comment_status":"closed","ping_status":"closed","template":"","meta":{"footnotes":""},"class_list":["post-80","page","type-page","status-publish","hentry"],"_links":{"self":[{"href":"https:\/\/hierontamylly.net\/index.php?rest_route=\/wp\/v2\/pages\/80","targetHints":{"allow":["GET"]}}],"collection":[{"href":"https:\/\/hierontamylly.net\/index.php?rest_route=\/wp\/v2\/pages"}],"about":[{"href":"https:\/\/hierontamylly.net\/index.php?rest_route=\/wp\/v2\/types\/page"}],"author":[{"embeddable":true,"href":"https:\/\/hierontamylly.net\/index.php?rest_route=\/wp\/v2\/users\/1"}],"replies":[{"embeddable":true,"href":"https:\/\/hierontamylly.net\/index.php?rest_route=%2Fwp%2Fv2%2Fcomments&post=80"}],"version-history":[{"count":12,"href":"https:\/\/hierontamylly.net\/index.php?rest_route=\/wp\/v2\/pages\/80\/revisions"}],"predecessor-version":[{"id":451,"href":"https:\/\/hierontamylly.net\/index.php?rest_route=\/wp\/v2\/pages\/80\/revisions\/451"}],"wp:attachment":[{"href":"https:\/\/hierontamylly.net\/index.php?rest_route=%2Fwp%2Fv2%2Fmedia&parent=80"}],"curies":[{"name":"wp","href":"https:\/\/api.w.org\/{rel}","templated":true}]}}