{"id":475,"date":"2022-10-07T17:14:54","date_gmt":"2022-10-07T14:14:54","guid":{"rendered":"https:\/\/hierontamylly.net\/?page_id=475"},"modified":"2023-12-08T23:26:01","modified_gmt":"2023-12-08T21:26:01","slug":"xcryo-huippykylmahoito","status":"publish","type":"page","link":"https:\/\/hierontamylly.net\/?page_id=475","title":{"rendered":"X\u00b0CRYO huippykylm\u00e4hoito"},"content":{"rendered":"\n<p>Huippukylm\u00e4hoito on luonnollinen ja l\u00e4\u00e4kkeet\u00f6n apu. Suomessa kehitetty ja valmistettu X\u00b0CRYO on suunniteltu k\u00e4ytett\u00e4v\u00e4ksi ihon, nivelten ja lihasten paikallisiin huippukylm\u00e4hoitoihin eri puolille kehoa. Huippukylm\u00e4hoidon perusperiaate on yksinkertainen. Kylm\u00e4hoito aiheuttaa kehon pintasolukon thermoshokin eli simuloidun h\u00e4t\u00e4tilan. T\u00e4ll\u00f6in solut reagoivat siten, ett\u00e4 parasympaattinen hermosto l\u00e4hett\u00e4\u00e4 h\u00e4t\u00e4signaalin, mik\u00e4 vuorostaan saa kehon tuottamaan useita hyvinvointia lis\u00e4\u00e4vi\u00e4 entsyymej\u00e4 ja hormoneja kuten esimerkiksi adrenaliinia, kortisolia, endorfiineja ja testosteronia. N\u00e4iden luonnollisten ainesosien lis\u00e4\u00e4ntyminen verenkierrossa edesauttaa paranemista tulehduksista, vammoista ja leikkauksista. Kylm\u00e4hoito on tutkitusti tehokas ja turvallinen hoito moneen erilaiseen vaivaan.<\/p>\n\n\n\n<p><\/p>\n\n\n\n<p><\/p>\n\n\n\n<figure class=\"wp-block-image size-large\"><a href=\"https:\/\/hierontamylly.net\/wp-content\/uploads\/2023\/12\/220214-CTN_078_olkapaa-scaled.jpg\"><img loading=\"lazy\" decoding=\"async\" width=\"1024\" height=\"683\" src=\"https:\/\/hierontamylly.net\/wp-content\/uploads\/2023\/12\/220214-CTN_078_olkapaa-1024x683.jpg\" alt=\"\" class=\"wp-image-517\" srcset=\"https:\/\/hierontamylly.net\/wp-content\/uploads\/2023\/12\/220214-CTN_078_olkapaa-1024x683.jpg 1024w, https:\/\/hierontamylly.net\/wp-content\/uploads\/2023\/12\/220214-CTN_078_olkapaa-300x200.jpg 300w, https:\/\/hierontamylly.net\/wp-content\/uploads\/2023\/12\/220214-CTN_078_olkapaa-768x512.jpg 768w, https:\/\/hierontamylly.net\/wp-content\/uploads\/2023\/12\/220214-CTN_078_olkapaa-1536x1024.jpg 1536w, https:\/\/hierontamylly.net\/wp-content\/uploads\/2023\/12\/220214-CTN_078_olkapaa-2048x1365.jpg 2048w, https:\/\/hierontamylly.net\/wp-content\/uploads\/2023\/12\/220214-CTN_078_olkapaa-2x1.jpg 2w\" sizes=\"auto, (max-width: 1024px) 100vw, 1024px\" \/><\/a><\/figure>\n","protected":false},"excerpt":{"rendered":"<p>Huippukylm\u00e4hoito on luonnollinen ja l\u00e4\u00e4kkeet\u00f6n apu. Suomessa kehitetty ja valmistettu X\u00b0CRYO on suunniteltu k\u00e4ytett\u00e4v\u00e4ksi ihon, nivelten ja lihasten paikallisiin huippukylm\u00e4hoitoihin eri puolille kehoa. Huippukylm\u00e4hoidon perusperiaate on yksinkertainen. Kylm\u00e4hoito aiheuttaa kehon pintasolukon thermoshokin eli simuloidun h\u00e4t\u00e4tilan. T\u00e4ll\u00f6in solut reagoivat siten, ett\u00e4 parasympaattinen hermosto l\u00e4hett\u00e4\u00e4 h\u00e4t\u00e4signaalin, mik\u00e4 vuorostaan saa kehon tuottamaan useita hyvinvointia lis\u00e4\u00e4vi\u00e4 entsyymej\u00e4 ja hormoneja [&hellip;]<\/p>\n","protected":false},"author":2,"featured_media":0,"parent":0,"menu_order":0,"comment_status":"closed","ping_status":"closed","template":"","meta":{"footnotes":""},"class_list":["post-475","page","type-page","status-publish","hentry"],"_links":{"self":[{"href":"https:\/\/hierontamylly.net\/index.php?rest_route=\/wp\/v2\/pages\/475","targetHints":{"allow":["GET"]}}],"collection":[{"href":"https:\/\/hierontamylly.net\/index.php?rest_route=\/wp\/v2\/pages"}],"about":[{"href":"https:\/\/hierontamylly.net\/index.php?rest_route=\/wp\/v2\/types\/page"}],"author":[{"embeddable":true,"href":"https:\/\/hierontamylly.net\/index.php?rest_route=\/wp\/v2\/users\/2"}],"replies":[{"embeddable":true,"href":"https:\/\/hierontamylly.net\/index.php?rest_route=%2Fwp%2Fv2%2Fcomments&post=475"}],"version-history":[{"count":4,"href":"https:\/\/hierontamylly.net\/index.php?rest_route=\/wp\/v2\/pages\/475\/revisions"}],"predecessor-version":[{"id":518,"href":"https:\/\/hierontamylly.net\/index.php?rest_route=\/wp\/v2\/pages\/475\/revisions\/518"}],"wp:attachment":[{"href":"https:\/\/hierontamylly.net\/index.php?rest_route=%2Fwp%2Fv2%2Fmedia&parent=475"}],"curies":[{"name":"wp","href":"https:\/\/api.w.org\/{rel}","templated":true}]}}