{"id":38,"date":"2014-12-08T15:36:32","date_gmt":"2014-12-08T13:36:32","guid":{"rendered":"http:\/\/hierontamylly.net\/?page_id=38"},"modified":"2026-01-12T08:21:24","modified_gmt":"2026-01-12T06:21:24","slug":"hierontapalvelut","status":"publish","type":"page","link":"https:\/\/hierontamylly.net\/","title":{"rendered":"Etusivu"},"content":{"rendered":"<p><a href=\"https:\/\/www.facebook.com\/hierontamylly?ref=bookmarks\"><img loading=\"lazy\" decoding=\"async\" class=\"alignnone size-full wp-image-141\" src=\"https:\/\/hierontamylly.net\/wp-content\/uploads\/2014\/12\/240_F_52835075_db7urHc5OqIxz9AyJGvYMC2cGiDAgSo98.jpg\" alt=\"240_F_52835075_db7urHc5OqIxz9AyJGvYMC2cGiDAgSo98.jpg\" width=\"270\" height=\"240\" srcset=\"https:\/\/hierontamylly.net\/wp-content\/uploads\/2014\/12\/240_F_52835075_db7urHc5OqIxz9AyJGvYMC2cGiDAgSo98.jpg 270w, https:\/\/hierontamylly.net\/wp-content\/uploads\/2014\/12\/240_F_52835075_db7urHc5OqIxz9AyJGvYMC2cGiDAgSo98-1x1.jpg 1w\" sizes=\"auto, (max-width: 270px) 100vw, 270px\" \/><\/a><\/p>\n<p><!--more--><\/p>\n<h3>KOLOTTAAKO? S\u00c4RKEEK\u00d6 LIHAKSIA? VAI KAIPAATKO MUUTEN VAIN RENTOUTTAVAA HIERONTAA?<\/h3>\n<p>HierontaMylly on aloittanut toimintansa Myllypuron Liikuntamyllyss\u00e4 vuonna 2009, palveluina urheiluhieronta sek\u00e4 urheilijoiden lihashuolto ja perinteinen klassinen hieronta. Meilt\u00e4 my\u00f6s saatavilla Xcryo huippukylm\u00e4hoidot.<\/p>\n<p>Tervetuloa meille HierontaMyllyyn, \u00e4l\u00e4 j\u00e4\u00e4 vaivojesi kanssa yksin, ammattitaitoiset hierojamme auttavat mielell\u00e4\u00e4n.<\/p>\n<p>Ajanvaraus puhelimitse:<\/p>\n<p>Heidi 044-3144510<\/p>\n<p>Sami 045-6505796<\/p>\n<p>Nettiajanvaraukseen p\u00e4\u00e4set t\u00e4\u00e4lt\u00e4:<\/p>\n<p><a href=\"http:\/\/www.vello.fi\/hierontamylly\">http:\/\/www.vello.fi\/hierontamylly<\/a><\/p>\n<p>K\u00e4yntiosoite:\u00a0<span style=\"font-size: 14px;\">Jauhokuja 3, 00920 Helsinki<\/span><\/p>\n<p><span class=\"_5mfr _47e3\"><span class=\"_7oe\"><a href=\"https:\/\/hierontamylly.net\/wp-content\/uploads\/2014\/12\/flower-657179_960_720.jpg\" rel=\"attachment wp-att-388\"><img loading=\"lazy\" decoding=\"async\" class=\"alignnone wp-image-388\" src=\"https:\/\/hierontamylly.net\/wp-content\/uploads\/2014\/12\/flower-657179_960_720-300x201.jpg\" alt=\"flower-657179_960_720\" width=\"234\" height=\"157\" srcset=\"https:\/\/hierontamylly.net\/wp-content\/uploads\/2014\/12\/flower-657179_960_720-300x201.jpg 300w, https:\/\/hierontamylly.net\/wp-content\/uploads\/2014\/12\/flower-657179_960_720-768x514.jpg 768w, https:\/\/hierontamylly.net\/wp-content\/uploads\/2014\/12\/flower-657179_960_720-1x1.jpg 1w, https:\/\/hierontamylly.net\/wp-content\/uploads\/2014\/12\/flower-657179_960_720.jpg 960w\" sizes=\"auto, (max-width: 234px) 100vw, 234px\" \/><\/a>\u00a0<\/span><\/span><\/p>\n<h3>\u00a0<\/h3>\n<h3>\u00a0<\/h3>\n\n\n<p><\/p>\n","protected":false},"excerpt":{"rendered":"","protected":false},"author":2,"featured_media":0,"parent":0,"menu_order":1,"comment_status":"closed","ping_status":"closed","template":"","meta":{"footnotes":""},"class_list":["post-38","page","type-page","status-publish","hentry"],"_links":{"self":[{"href":"https:\/\/hierontamylly.net\/index.php?rest_route=\/wp\/v2\/pages\/38","targetHints":{"allow":["GET"]}}],"collection":[{"href":"https:\/\/hierontamylly.net\/index.php?rest_route=\/wp\/v2\/pages"}],"about":[{"href":"https:\/\/hierontamylly.net\/index.php?rest_route=\/wp\/v2\/types\/page"}],"author":[{"embeddable":true,"href":"https:\/\/hierontamylly.net\/index.php?rest_route=\/wp\/v2\/users\/2"}],"replies":[{"embeddable":true,"href":"https:\/\/hierontamylly.net\/index.php?rest_route=%2Fwp%2Fv2%2Fcomments&post=38"}],"version-history":[{"count":52,"href":"https:\/\/hierontamylly.net\/index.php?rest_route=\/wp\/v2\/pages\/38\/revisions"}],"predecessor-version":[{"id":527,"href":"https:\/\/hierontamylly.net\/index.php?rest_route=\/wp\/v2\/pages\/38\/revisions\/527"}],"wp:attachment":[{"href":"https:\/\/hierontamylly.net\/index.php?rest_route=%2Fwp%2Fv2%2Fmedia&parent=38"}],"curies":[{"name":"wp","href":"https:\/\/api.w.org\/{rel}","templated":true}]}}