{"id":352,"date":"2016-01-11T17:31:39","date_gmt":"2016-01-11T15:31:39","guid":{"rendered":"http:\/\/hierontamylly.net\/?page_id=352"},"modified":"2023-09-25T14:20:39","modified_gmt":"2023-09-25T11:20:39","slug":"nettiajanvaraus","status":"publish","type":"page","link":"https:\/\/hierontamylly.net\/?page_id=352","title":{"rendered":"Nettiajanvaraus"},"content":{"rendered":"<p>Mik\u00e4li et l\u00f6yd\u00e4 vapaata aikaa nettiajanvarauksemme kautta, voit tiedustella vapaita hieronta-aikoja puhelimitse tai s\u00e4hk\u00f6postitse hierojiltamme.<strong><br \/>\n<\/strong><\/p>\n<p>Heidin varaukset numerosta 0443144510<\/p>\n<p>Samin\u00a0varaukset numerosta 0456505796<\/p>\n<p>Tervetuloa hierontaan. <a href=\"http:\/\/vello.fi\/hierontamylly\">T\u00e4st\u00e4 linkist\u00e4 AJANVARAUKSEEN !<\/a><\/p>\n","protected":false},"excerpt":{"rendered":"<p>Mik\u00e4li et l\u00f6yd\u00e4 vapaata aikaa nettiajanvarauksemme kautta, voit tiedustella vapaita hieronta-aikoja puhelimitse tai s\u00e4hk\u00f6postitse hierojiltamme. Heidin varaukset numerosta 0443144510 Samin\u00a0varaukset numerosta 0456505796 Tervetuloa hierontaan. T\u00e4st\u00e4 linkist\u00e4 AJANVARAUKSEEN !<\/p>\n","protected":false},"author":2,"featured_media":0,"parent":0,"menu_order":0,"comment_status":"closed","ping_status":"closed","template":"","meta":{"footnotes":""},"class_list":["post-352","page","type-page","status-publish","hentry"],"_links":{"self":[{"href":"https:\/\/hierontamylly.net\/index.php?rest_route=\/wp\/v2\/pages\/352","targetHints":{"allow":["GET"]}}],"collection":[{"href":"https:\/\/hierontamylly.net\/index.php?rest_route=\/wp\/v2\/pages"}],"about":[{"href":"https:\/\/hierontamylly.net\/index.php?rest_route=\/wp\/v2\/types\/page"}],"author":[{"embeddable":true,"href":"https:\/\/hierontamylly.net\/index.php?rest_route=\/wp\/v2\/users\/2"}],"replies":[{"embeddable":true,"href":"https:\/\/hierontamylly.net\/index.php?rest_route=%2Fwp%2Fv2%2Fcomments&post=352"}],"version-history":[{"count":13,"href":"https:\/\/hierontamylly.net\/index.php?rest_route=\/wp\/v2\/pages\/352\/revisions"}],"predecessor-version":[{"id":506,"href":"https:\/\/hierontamylly.net\/index.php?rest_route=\/wp\/v2\/pages\/352\/revisions\/506"}],"wp:attachment":[{"href":"https:\/\/hierontamylly.net\/index.php?rest_route=%2Fwp%2Fv2%2Fmedia&parent=352"}],"curies":[{"name":"wp","href":"https:\/\/api.w.org\/{rel}","templated":true}]}}