{"id":15,"date":"2014-12-07T23:14:38","date_gmt":"2014-12-07T21:14:38","guid":{"rendered":"http:\/\/hierontamylly.net\/?page_id=15"},"modified":"2025-08-11T22:16:02","modified_gmt":"2025-08-11T19:16:02","slug":"hinnasto","status":"publish","type":"page","link":"https:\/\/hierontamylly.net\/?page_id=15","title":{"rendered":"Hinnasto"},"content":{"rendered":"<h2>HINNASTO<\/h2>\n<h4>Hinnat 1.6.2025 alkaen<\/h4>\n<h4>Hieronta 30 min &#8230;&#8230;&#8230;&#8230;&#8230;&#8230; 45 \u20ac<\/h4>\n<h4>Hieronta 45 min &#8230;&#8230;&#8230;&#8230;&#8230;&#8230; 55 \u20ac<\/h4>\n<h4>Hieronta 60 min &#8230;&#8230;&#8230;&#8230;&#8230;&#8230; 65 \u20ac<\/h4>\n<h4>Hieronta 75 min &#8230;&#8230;&#8230;&#8230;&#8230;&#8230; 75 \u20ac<\/h4>\n<h4>Hieronta 90 min &#8230;&#8230;&#8230;&#8230;&#8230;&#8230; 90 \u20ac<\/h4>\n<h4>Sarjakortit<\/h4>\n<h4>5&#215;45 min &#8230;&#8230;&#8230;&#8230;&#8230; 250 \u20ac<\/h4>\n<h4>5&#215;60 min &#8230;&#8230;&#8230;&#8230;&#8230; 300 \u20ac<\/h4>\n<h4>X\u00b0CRYO huippukylm\u00e4<\/h4>\n<p><strong>15min (sis.1-4 hoitoaluetta) 35\u20ac <\/strong><\/p>\n<p><strong>3x15min= 90\u20ac\u00a0 \u00a0 \u00a0 5x15min= 140\u20ac<\/strong><\/p>\n<p><strong>Hieronnan yhteydess\u00e4 +15min 25 \u20ac<\/strong><\/p>\n<p><strong>Cryofacial 15 \u20ac (huippukylm\u00e4hoito kasvoille)<\/strong><\/p>\n\n\n<p>Nyt meill\u00e4 maksuv\u00e4lineen\u00e4 k\u00e4y k\u00e4teisen lis\u00e4ksi my\u00f6s Mobile pay, Epassi, Smartum ja Edenred. <\/p>\n\n\n\n<figure class=\"wp-block-gallery has-nested-images columns-default is-cropped wp-block-gallery-1 is-layout-flex wp-block-gallery-is-layout-flex\"><\/figure>\n","protected":false},"excerpt":{"rendered":"<p>HINNASTO Hinnat 1.6.2025 alkaen Hieronta 30 min &#8230;&#8230;&#8230;&#8230;&#8230;&#8230; 45 \u20ac Hieronta 45 min &#8230;&#8230;&#8230;&#8230;&#8230;&#8230; 55 \u20ac Hieronta 60 min &#8230;&#8230;&#8230;&#8230;&#8230;&#8230; 65 \u20ac Hieronta 75 min &#8230;&#8230;&#8230;&#8230;&#8230;&#8230; 75 \u20ac Hieronta 90 min &#8230;&#8230;&#8230;&#8230;&#8230;&#8230; 90 \u20ac Sarjakortit 5&#215;45 min &#8230;&#8230;&#8230;&#8230;&#8230; 250 \u20ac 5&#215;60 min &#8230;&#8230;&#8230;&#8230;&#8230; 300 \u20ac X\u00b0CRYO huippukylm\u00e4 15min (sis.1-4 hoitoaluetta) 35\u20ac 3x15min= 90\u20ac\u00a0 \u00a0 \u00a0 [&hellip;]<\/p>\n","protected":false},"author":1,"featured_media":0,"parent":0,"menu_order":2,"comment_status":"closed","ping_status":"closed","template":"","meta":{"footnotes":""},"class_list":["post-15","page","type-page","status-publish","hentry"],"_links":{"self":[{"href":"https:\/\/hierontamylly.net\/index.php?rest_route=\/wp\/v2\/pages\/15","targetHints":{"allow":["GET"]}}],"collection":[{"href":"https:\/\/hierontamylly.net\/index.php?rest_route=\/wp\/v2\/pages"}],"about":[{"href":"https:\/\/hierontamylly.net\/index.php?rest_route=\/wp\/v2\/types\/page"}],"author":[{"embeddable":true,"href":"https:\/\/hierontamylly.net\/index.php?rest_route=\/wp\/v2\/users\/1"}],"replies":[{"embeddable":true,"href":"https:\/\/hierontamylly.net\/index.php?rest_route=%2Fwp%2Fv2%2Fcomments&post=15"}],"version-history":[{"count":24,"href":"https:\/\/hierontamylly.net\/index.php?rest_route=\/wp\/v2\/pages\/15\/revisions"}],"predecessor-version":[{"id":524,"href":"https:\/\/hierontamylly.net\/index.php?rest_route=\/wp\/v2\/pages\/15\/revisions\/524"}],"wp:attachment":[{"href":"https:\/\/hierontamylly.net\/index.php?rest_route=%2Fwp%2Fv2%2Fmedia&parent=15"}],"curies":[{"name":"wp","href":"https:\/\/api.w.org\/{rel}","templated":true}]}}